{"id":7,"date":"2022-12-14T18:23:59","date_gmt":"2022-12-14T18:23:59","guid":{"rendered":"https:\/\/digitalisnevjegykartyak.hu\/?page_id=7"},"modified":"2023-01-06T12:48:59","modified_gmt":"2023-01-06T12:48:59","slug":"minden-amit-tudnod-kell-digitalis-nevjegykartya-vasarlas-elott","status":"publish","type":"page","link":"https:\/\/digitalisnevjegykartyak.hu\/","title":{"rendered":"Minden amit tudnod kell digit\u00e1lis n\u00e9vjegyk\u00e1rtya v\u00e1s\u00e1rl\u00e1s el\u0151tt"},"content":{"rendered":"","protected":false},"excerpt":{"rendered":"","protected":false},"author":1,"featured_media":12,"parent":0,"menu_order":0,"comment_status":"closed","ping_status":"closed","template":"","meta":{"_monsterinsights_skip_tracking":false,"_monsterinsights_sitenote_active":false,"_monsterinsights_sitenote_note":"","_monsterinsights_sitenote_category":0,"footnotes":""},"class_list":["post-7","page","type-page","status-publish","has-post-thumbnail","hentry"],"yoast_head":"<!-- This site is optimized with the Yoast SEO plugin v26.8 - https:\/\/yoast.com\/product\/yoast-seo-wordpress\/ -->\n<title>Minden amit tudnod kell digit\u00e1lis n\u00e9vjegyk\u00e1rtya v\u00e1s\u00e1rl\u00e1s el\u0151tt - Digit\u00e1lis n\u00e9vjegyk\u00e1rtya<\/title>\n<meta name=\"robots\" content=\"index, follow, max-snippet:-1, max-image-preview:large, max-video-preview:-1\" \/>\n<link rel=\"canonical\" href=\"https:\/\/digitalisnevjegykartyak.hu\/\" \/>\n<meta property=\"og:locale\" content=\"hu_HU\" \/>\n<meta property=\"og:type\" content=\"article\" \/>\n<meta property=\"og:title\" content=\"Minden amit tudnod kell digit\u00e1lis n\u00e9vjegyk\u00e1rtya v\u00e1s\u00e1rl\u00e1s el\u0151tt - Digit\u00e1lis n\u00e9vjegyk\u00e1rtya\" \/>\n<meta property=\"og:url\" content=\"https:\/\/digitalisnevjegykartyak.hu\/\" \/>\n<meta property=\"og:site_name\" content=\"Digit\u00e1lis n\u00e9vjegyk\u00e1rtya\" \/>\n<meta property=\"article:modified_time\" content=\"2023-01-06T12:48:59+00:00\" \/>\n<meta property=\"og:image\" content=\"https:\/\/digitalisnevjegykartyak.hu\/wp-content\/uploads\/2022\/12\/Digitalis-nevjegykartya-nfc-qr-ingyen-2023.jpg\" \/>\n\t<meta property=\"og:image:width\" content=\"1072\" \/>\n\t<meta property=\"og:image:height\" content=\"755\" \/>\n\t<meta property=\"og:image:type\" content=\"image\/jpeg\" \/>\n<meta name=\"twitter:card\" content=\"summary_large_image\" \/>\n<script type=\"application\/ld+json\" class=\"yoast-schema-graph\">{\"@context\":\"https:\/\/schema.org\",\"@graph\":[{\"@type\":\"WebPage\",\"@id\":\"https:\/\/digitalisnevjegykartyak.hu\/\",\"url\":\"https:\/\/digitalisnevjegykartyak.hu\/\",\"name\":\"Minden amit tudnod kell digit\u00e1lis n\u00e9vjegyk\u00e1rtya v\u00e1s\u00e1rl\u00e1s el\u0151tt - Digit\u00e1lis n\u00e9vjegyk\u00e1rtya\",\"isPartOf\":{\"@id\":\"https:\/\/digitalisnevjegykartyak.hu\/#website\"},\"primaryImageOfPage\":{\"@id\":\"https:\/\/digitalisnevjegykartyak.hu\/#primaryimage\"},\"image\":{\"@id\":\"https:\/\/digitalisnevjegykartyak.hu\/#primaryimage\"},\"thumbnailUrl\":\"https:\/\/digitalisnevjegykartyak.hu\/wp-content\/uploads\/2022\/12\/Digitalis-nevjegykartya-nfc-qr-ingyen-2023.jpg\",\"datePublished\":\"2022-12-14T18:23:59+00:00\",\"dateModified\":\"2023-01-06T12:48:59+00:00\",\"breadcrumb\":{\"@id\":\"https:\/\/digitalisnevjegykartyak.hu\/#breadcrumb\"},\"inLanguage\":\"hu\",\"potentialAction\":[{\"@type\":\"ReadAction\",\"target\":[\"https:\/\/digitalisnevjegykartyak.hu\/\"]}]},{\"@type\":\"ImageObject\",\"inLanguage\":\"hu\",\"@id\":\"https:\/\/digitalisnevjegykartyak.hu\/#primaryimage\",\"url\":\"https:\/\/digitalisnevjegykartyak.hu\/wp-content\/uploads\/2022\/12\/Digitalis-nevjegykartya-nfc-qr-ingyen-2023.jpg\",\"contentUrl\":\"https:\/\/digitalisnevjegykartyak.hu\/wp-content\/uploads\/2022\/12\/Digitalis-nevjegykartya-nfc-qr-ingyen-2023.jpg\",\"width\":1072,\"height\":755},{\"@type\":\"BreadcrumbList\",\"@id\":\"https:\/\/digitalisnevjegykartyak.hu\/#breadcrumb\",\"itemListElement\":[{\"@type\":\"ListItem\",\"position\":1,\"name\":\"Kezd\u0151lap\",\"item\":\"https:\/\/digitalisnevjegykartyak.hu\/\"},{\"@type\":\"ListItem\",\"position\":2,\"name\":\"Minden amit tudnod kell digit\u00e1lis n\u00e9vjegyk\u00e1rtya v\u00e1s\u00e1rl\u00e1s el\u0151tt\"}]},{\"@type\":\"WebSite\",\"@id\":\"https:\/\/digitalisnevjegykartyak.hu\/#website\",\"url\":\"https:\/\/digitalisnevjegykartyak.hu\/\",\"name\":\"Digit\u00e1lis n\u00e9vjegyk\u00e1rtya\",\"description\":\"Minden amit tudnod kell digit\u00e1lis n\u00e9vjegyk\u00e1rtya v\u00e1s\u00e1rl\u00e1sa el\u0151tt\",\"publisher\":{\"@id\":\"https:\/\/digitalisnevjegykartyak.hu\/#organization\"},\"potentialAction\":[{\"@type\":\"SearchAction\",\"target\":{\"@type\":\"EntryPoint\",\"urlTemplate\":\"https:\/\/digitalisnevjegykartyak.hu\/?s={search_term_string}\"},\"query-input\":{\"@type\":\"PropertyValueSpecification\",\"valueRequired\":true,\"valueName\":\"search_term_string\"}}],\"inLanguage\":\"hu\"},{\"@type\":\"Organization\",\"@id\":\"https:\/\/digitalisnevjegykartyak.hu\/#organization\",\"name\":\"Digit\u00e1lis n\u00e9vjegyk\u00e1rtya\",\"url\":\"https:\/\/digitalisnevjegykartyak.hu\/\",\"logo\":{\"@type\":\"ImageObject\",\"inLanguage\":\"hu\",\"@id\":\"https:\/\/digitalisnevjegykartyak.hu\/#\/schema\/logo\/image\/\",\"url\":\"https:\/\/digitalisnevjegykartyak.hu\/wp-content\/uploads\/2023\/01\/mennyibe-kerul-a-digitalis-nevjegykartya.jpg\",\"contentUrl\":\"https:\/\/digitalisnevjegykartyak.hu\/wp-content\/uploads\/2023\/01\/mennyibe-kerul-a-digitalis-nevjegykartya.jpg\",\"width\":750,\"height\":750,\"caption\":\"Digit\u00e1lis n\u00e9vjegyk\u00e1rtya\"},\"image\":{\"@id\":\"https:\/\/digitalisnevjegykartyak.hu\/#\/schema\/logo\/image\/\"}}]}<\/script>\n<!-- \/ Yoast SEO plugin. -->","yoast_head_json":{"title":"Minden amit tudnod kell digit\u00e1lis n\u00e9vjegyk\u00e1rtya v\u00e1s\u00e1rl\u00e1s el\u0151tt - Digit\u00e1lis n\u00e9vjegyk\u00e1rtya","robots":{"index":"index","follow":"follow","max-snippet":"max-snippet:-1","max-image-preview":"max-image-preview:large","max-video-preview":"max-video-preview:-1"},"canonical":"https:\/\/digitalisnevjegykartyak.hu\/","og_locale":"hu_HU","og_type":"article","og_title":"Minden amit tudnod kell digit\u00e1lis n\u00e9vjegyk\u00e1rtya v\u00e1s\u00e1rl\u00e1s el\u0151tt - Digit\u00e1lis n\u00e9vjegyk\u00e1rtya","og_url":"https:\/\/digitalisnevjegykartyak.hu\/","og_site_name":"Digit\u00e1lis n\u00e9vjegyk\u00e1rtya","article_modified_time":"2023-01-06T12:48:59+00:00","og_image":[{"width":1072,"height":755,"url":"https:\/\/digitalisnevjegykartyak.hu\/wp-content\/uploads\/2022\/12\/Digitalis-nevjegykartya-nfc-qr-ingyen-2023.jpg","type":"image\/jpeg"}],"twitter_card":"summary_large_image","schema":{"@context":"https:\/\/schema.org","@graph":[{"@type":"WebPage","@id":"https:\/\/digitalisnevjegykartyak.hu\/","url":"https:\/\/digitalisnevjegykartyak.hu\/","name":"Minden amit tudnod kell digit\u00e1lis n\u00e9vjegyk\u00e1rtya v\u00e1s\u00e1rl\u00e1s el\u0151tt - Digit\u00e1lis n\u00e9vjegyk\u00e1rtya","isPartOf":{"@id":"https:\/\/digitalisnevjegykartyak.hu\/#website"},"primaryImageOfPage":{"@id":"https:\/\/digitalisnevjegykartyak.hu\/#primaryimage"},"image":{"@id":"https:\/\/digitalisnevjegykartyak.hu\/#primaryimage"},"thumbnailUrl":"https:\/\/digitalisnevjegykartyak.hu\/wp-content\/uploads\/2022\/12\/Digitalis-nevjegykartya-nfc-qr-ingyen-2023.jpg","datePublished":"2022-12-14T18:23:59+00:00","dateModified":"2023-01-06T12:48:59+00:00","breadcrumb":{"@id":"https:\/\/digitalisnevjegykartyak.hu\/#breadcrumb"},"inLanguage":"hu","potentialAction":[{"@type":"ReadAction","target":["https:\/\/digitalisnevjegykartyak.hu\/"]}]},{"@type":"ImageObject","inLanguage":"hu","@id":"https:\/\/digitalisnevjegykartyak.hu\/#primaryimage","url":"https:\/\/digitalisnevjegykartyak.hu\/wp-content\/uploads\/2022\/12\/Digitalis-nevjegykartya-nfc-qr-ingyen-2023.jpg","contentUrl":"https:\/\/digitalisnevjegykartyak.hu\/wp-content\/uploads\/2022\/12\/Digitalis-nevjegykartya-nfc-qr-ingyen-2023.jpg","width":1072,"height":755},{"@type":"BreadcrumbList","@id":"https:\/\/digitalisnevjegykartyak.hu\/#breadcrumb","itemListElement":[{"@type":"ListItem","position":1,"name":"Kezd\u0151lap","item":"https:\/\/digitalisnevjegykartyak.hu\/"},{"@type":"ListItem","position":2,"name":"Minden amit tudnod kell digit\u00e1lis n\u00e9vjegyk\u00e1rtya v\u00e1s\u00e1rl\u00e1s el\u0151tt"}]},{"@type":"WebSite","@id":"https:\/\/digitalisnevjegykartyak.hu\/#website","url":"https:\/\/digitalisnevjegykartyak.hu\/","name":"Digit\u00e1lis n\u00e9vjegyk\u00e1rtya","description":"Minden amit tudnod kell digit\u00e1lis n\u00e9vjegyk\u00e1rtya v\u00e1s\u00e1rl\u00e1sa el\u0151tt","publisher":{"@id":"https:\/\/digitalisnevjegykartyak.hu\/#organization"},"potentialAction":[{"@type":"SearchAction","target":{"@type":"EntryPoint","urlTemplate":"https:\/\/digitalisnevjegykartyak.hu\/?s={search_term_string}"},"query-input":{"@type":"PropertyValueSpecification","valueRequired":true,"valueName":"search_term_string"}}],"inLanguage":"hu"},{"@type":"Organization","@id":"https:\/\/digitalisnevjegykartyak.hu\/#organization","name":"Digit\u00e1lis n\u00e9vjegyk\u00e1rtya","url":"https:\/\/digitalisnevjegykartyak.hu\/","logo":{"@type":"ImageObject","inLanguage":"hu","@id":"https:\/\/digitalisnevjegykartyak.hu\/#\/schema\/logo\/image\/","url":"https:\/\/digitalisnevjegykartyak.hu\/wp-content\/uploads\/2023\/01\/mennyibe-kerul-a-digitalis-nevjegykartya.jpg","contentUrl":"https:\/\/digitalisnevjegykartyak.hu\/wp-content\/uploads\/2023\/01\/mennyibe-kerul-a-digitalis-nevjegykartya.jpg","width":750,"height":750,"caption":"Digit\u00e1lis n\u00e9vjegyk\u00e1rtya"},"image":{"@id":"https:\/\/digitalisnevjegykartyak.hu\/#\/schema\/logo\/image\/"}}]}},"_links":{"self":[{"href":"https:\/\/digitalisnevjegykartyak.hu\/index.php\/wp-json\/wp\/v2\/pages\/7","targetHints":{"allow":["GET"]}}],"collection":[{"href":"https:\/\/digitalisnevjegykartyak.hu\/index.php\/wp-json\/wp\/v2\/pages"}],"about":[{"href":"https:\/\/digitalisnevjegykartyak.hu\/index.php\/wp-json\/wp\/v2\/types\/page"}],"author":[{"embeddable":true,"href":"https:\/\/digitalisnevjegykartyak.hu\/index.php\/wp-json\/wp\/v2\/users\/1"}],"replies":[{"embeddable":true,"href":"https:\/\/digitalisnevjegykartyak.hu\/index.php\/wp-json\/wp\/v2\/comments?post=7"}],"version-history":[{"count":3,"href":"https:\/\/digitalisnevjegykartyak.hu\/index.php\/wp-json\/wp\/v2\/pages\/7\/revisions"}],"predecessor-version":[{"id":18,"href":"https:\/\/digitalisnevjegykartyak.hu\/index.php\/wp-json\/wp\/v2\/pages\/7\/revisions\/18"}],"wp:featuredmedia":[{"embeddable":true,"href":"https:\/\/digitalisnevjegykartyak.hu\/index.php\/wp-json\/wp\/v2\/media\/12"}],"wp:attachment":[{"href":"https:\/\/digitalisnevjegykartyak.hu\/index.php\/wp-json\/wp\/v2\/media?parent=7"}],"curies":[{"name":"wp","href":"https:\/\/api.w.org\/{rel}","templated":true}]}}